{"id":2083,"date":"2026-02-01T15:54:14","date_gmt":"2026-02-01T15:54:14","guid":{"rendered":"https:\/\/parafiaustrzyki.pl\/?page_id=2083"},"modified":"2026-02-01T17:16:48","modified_gmt":"2026-02-01T17:16:48","slug":"2025-2","status":"publish","type":"page","link":"https:\/\/parafiaustrzyki.pl\/index.php\/2025-2\/","title":{"rendered":"2025"},"content":{"rendered":"<p><strong>107. ROCZNICA ODZYSKANIA NIEPODLEG\u0141O\u015aCI &#8211; 11.11.2025 &#8211; ngg_shortcode_0_placeholder<\/strong><\/p>\n<p><strong>GO\u015aCINNIE CH\u00d3R \u201eMICHAEL\u201d Z KA\u0143CZUGI &#8211; 19.10.2025 &#8211; ngg_shortcode_1_placeholder<\/strong><\/p>\n<p><strong>PO\u015aWI\u0118CENIE I PRZEKAZANIE R\u00d3\u017bA\u0143C\u00d3W DLA DZIECI I KOMUNIJNYCH<\/strong> &#8211; <strong>ngg_shortcode_2_placeholder<\/strong><\/p>\n<p><strong>PO\u015aWI\u0118CENIE TORNISTR\u00d3W NA ROZPOCZ\u0118CIE ROKU SZKOLNEGO<\/strong> &#8211;&nbsp;<strong>ngg_shortcode_3_placeholder<\/strong><\/p>\n<p>&nbsp;<\/p>\n","protected":false},"excerpt":{"rendered":"<p>107. ROCZNICA ODZYSKANIA NIEPODLEG\u0141O\u015aCI &#8211; 11.11.2025 &#8211; GO\u015aCINNIE CH\u00d3R \u201eMICHAEL\u201d Z KA\u0143CZUGI &#8211; 19.10.2025 &#8211; PO\u015aWI\u0118CENIE I PRZEKAZANIE R\u00d3\u017bA\u0143C\u00d3W DLA DZIECI I KOMUNIJNYCH &#8211; PO\u015aWI\u0118CENIE TORNISTR\u00d3W NA ROZPOCZ\u0118CIE ROKU SZKOLNEGO &#8211;&nbsp; &nbsp;<\/p>\n","protected":false},"author":2,"featured_media":0,"parent":0,"menu_order":0,"comment_status":"closed","ping_status":"closed","template":"","meta":{"ngg_post_thumbnail":0,"footnotes":""},"class_list":["post-2083","page","type-page","status-publish","hentry"],"yoast_head":"<!-- This site is optimized with the Yoast SEO plugin v27.4 - https:\/\/yoast.com\/product\/yoast-seo-wordpress\/ -->\n<title>2025 - Parafia pw. NMP Kr\u00f3lowej Polski w Ustrzykach Dolnych<\/title>\n<meta name=\"robots\" content=\"index, follow, max-snippet:-1, max-image-preview:large, max-video-preview:-1\" \/>\n<link rel=\"canonical\" href=\"https:\/\/parafiaustrzyki.pl\/index.php\/2025-2\/\" \/>\n<meta property=\"og:locale\" content=\"pl_PL\" \/>\n<meta property=\"og:type\" content=\"article\" \/>\n<meta property=\"og:title\" content=\"2025 - Parafia pw. NMP Kr\u00f3lowej Polski w Ustrzykach Dolnych\" \/>\n<meta property=\"og:description\" content=\"107. ROCZNICA ODZYSKANIA NIEPODLEG\u0141O\u015aCI &#8211; 11.11.2025 &#8211; GO\u015aCINNIE CH\u00d3R \u201eMICHAEL\u201d Z KA\u0143CZUGI &#8211; 19.10.2025 &#8211; PO\u015aWI\u0118CENIE I PRZEKAZANIE R\u00d3\u017bA\u0143C\u00d3W DLA DZIECI I KOMUNIJNYCH &#8211; PO\u015aWI\u0118CENIE TORNISTR\u00d3W NA ROZPOCZ\u0118CIE ROKU SZKOLNEGO &#8211;&nbsp; &nbsp;\" \/>\n<meta property=\"og:url\" content=\"https:\/\/parafiaustrzyki.pl\/index.php\/2025-2\/\" \/>\n<meta property=\"og:site_name\" content=\"Parafia pw. NMP Kr\u00f3lowej Polski w Ustrzykach Dolnych\" \/>\n<meta property=\"article:modified_time\" content=\"2026-02-01T17:16:48+00:00\" \/>\n<meta name=\"twitter:card\" content=\"summary_large_image\" \/>\n<meta name=\"twitter:label1\" content=\"Szacowany czas czytania\" \/>\n\t<meta name=\"twitter:data1\" content=\"1 minuta\" \/>\n<script type=\"application\/ld+json\" class=\"yoast-schema-graph\">{\"@context\":\"https:\\\/\\\/schema.org\",\"@graph\":[{\"@type\":\"WebPage\",\"@id\":\"https:\\\/\\\/parafiaustrzyki.pl\\\/index.php\\\/2025-2\\\/\",\"url\":\"https:\\\/\\\/parafiaustrzyki.pl\\\/index.php\\\/2025-2\\\/\",\"name\":\"2025 - Parafia pw. NMP Kr\u00f3lowej Polski w Ustrzykach Dolnych\",\"isPartOf\":{\"@id\":\"https:\\\/\\\/parafiaustrzyki.pl\\\/#website\"},\"datePublished\":\"2026-02-01T15:54:14+00:00\",\"dateModified\":\"2026-02-01T17:16:48+00:00\",\"breadcrumb\":{\"@id\":\"https:\\\/\\\/parafiaustrzyki.pl\\\/index.php\\\/2025-2\\\/#breadcrumb\"},\"inLanguage\":\"pl-PL\",\"potentialAction\":[{\"@type\":\"ReadAction\",\"target\":[\"https:\\\/\\\/parafiaustrzyki.pl\\\/index.php\\\/2025-2\\\/\"]}]},{\"@type\":\"BreadcrumbList\",\"@id\":\"https:\\\/\\\/parafiaustrzyki.pl\\\/index.php\\\/2025-2\\\/#breadcrumb\",\"itemListElement\":[{\"@type\":\"ListItem\",\"position\":1,\"name\":\"Strona g\u0142\u00f3wna\",\"item\":\"https:\\\/\\\/parafiaustrzyki.pl\\\/\"},{\"@type\":\"ListItem\",\"position\":2,\"name\":\"2025\"}]},{\"@type\":\"WebSite\",\"@id\":\"https:\\\/\\\/parafiaustrzyki.pl\\\/#website\",\"url\":\"https:\\\/\\\/parafiaustrzyki.pl\\\/\",\"name\":\"Parafia pw. NMP Kr\u00f3lowej Polski w Ustrzykach Dolnych\",\"description\":\"Witamy w naszej parafii\",\"potentialAction\":[{\"@type\":\"SearchAction\",\"target\":{\"@type\":\"EntryPoint\",\"urlTemplate\":\"https:\\\/\\\/parafiaustrzyki.pl\\\/?s={search_term_string}\"},\"query-input\":{\"@type\":\"PropertyValueSpecification\",\"valueRequired\":true,\"valueName\":\"search_term_string\"}}],\"inLanguage\":\"pl-PL\"}]}<\/script>\n<!-- \/ Yoast SEO plugin. -->","yoast_head_json":{"title":"2025 - Parafia pw. NMP Kr\u00f3lowej Polski w Ustrzykach Dolnych","robots":{"index":"index","follow":"follow","max-snippet":"max-snippet:-1","max-image-preview":"max-image-preview:large","max-video-preview":"max-video-preview:-1"},"canonical":"https:\/\/parafiaustrzyki.pl\/index.php\/2025-2\/","og_locale":"pl_PL","og_type":"article","og_title":"2025 - Parafia pw. NMP Kr\u00f3lowej Polski w Ustrzykach Dolnych","og_description":"107. ROCZNICA ODZYSKANIA NIEPODLEG\u0141O\u015aCI &#8211; 11.11.2025 &#8211; GO\u015aCINNIE CH\u00d3R \u201eMICHAEL\u201d Z KA\u0143CZUGI &#8211; 19.10.2025 &#8211; PO\u015aWI\u0118CENIE I PRZEKAZANIE R\u00d3\u017bA\u0143C\u00d3W DLA DZIECI I KOMUNIJNYCH &#8211; PO\u015aWI\u0118CENIE TORNISTR\u00d3W NA ROZPOCZ\u0118CIE ROKU SZKOLNEGO &#8211;&nbsp; &nbsp;","og_url":"https:\/\/parafiaustrzyki.pl\/index.php\/2025-2\/","og_site_name":"Parafia pw. NMP Kr\u00f3lowej Polski w Ustrzykach Dolnych","article_modified_time":"2026-02-01T17:16:48+00:00","twitter_card":"summary_large_image","twitter_misc":{"Szacowany czas czytania":"1 minuta"},"schema":{"@context":"https:\/\/schema.org","@graph":[{"@type":"WebPage","@id":"https:\/\/parafiaustrzyki.pl\/index.php\/2025-2\/","url":"https:\/\/parafiaustrzyki.pl\/index.php\/2025-2\/","name":"2025 - Parafia pw. NMP Kr\u00f3lowej Polski w Ustrzykach Dolnych","isPartOf":{"@id":"https:\/\/parafiaustrzyki.pl\/#website"},"datePublished":"2026-02-01T15:54:14+00:00","dateModified":"2026-02-01T17:16:48+00:00","breadcrumb":{"@id":"https:\/\/parafiaustrzyki.pl\/index.php\/2025-2\/#breadcrumb"},"inLanguage":"pl-PL","potentialAction":[{"@type":"ReadAction","target":["https:\/\/parafiaustrzyki.pl\/index.php\/2025-2\/"]}]},{"@type":"BreadcrumbList","@id":"https:\/\/parafiaustrzyki.pl\/index.php\/2025-2\/#breadcrumb","itemListElement":[{"@type":"ListItem","position":1,"name":"Strona g\u0142\u00f3wna","item":"https:\/\/parafiaustrzyki.pl\/"},{"@type":"ListItem","position":2,"name":"2025"}]},{"@type":"WebSite","@id":"https:\/\/parafiaustrzyki.pl\/#website","url":"https:\/\/parafiaustrzyki.pl\/","name":"Parafia pw. NMP Kr\u00f3lowej Polski w Ustrzykach Dolnych","description":"Witamy w naszej parafii","potentialAction":[{"@type":"SearchAction","target":{"@type":"EntryPoint","urlTemplate":"https:\/\/parafiaustrzyki.pl\/?s={search_term_string}"},"query-input":{"@type":"PropertyValueSpecification","valueRequired":true,"valueName":"search_term_string"}}],"inLanguage":"pl-PL"}]}},"jetpack-related-posts":[{"id":70,"url":"https:\/\/parafiaustrzyki.pl\/index.php\/galeria\/","url_meta":{"origin":2083,"position":0},"title":"Galeria","author":"admin","date":"6 stycznia 2021","format":false,"excerpt":"NIEDZIELA WIELKANOCNA - 5.04.2026\u00a0 WIELKA SOBOTA - PO\u015aWI\u0118CENIE POKARM\u00d3W - 4.04.2026\u00a0 WIELKI PI\u0104TEK - 3.04.2026\u00a0 WIELKI PI\u0104TEK - DROGA KRZY\u017bOWA - 3.04.2026\u00a0 WIELKI CZARTEK - 3.04.2026\u00a0 KONCERT ZESPO\u0141U \"ECHO BOGA\" - 1.02.2026\u00a0 SUKCES SCHOLI DZIECI MARYI NA XXIV FESTIWALU \u201eBIESZCZADZKIE KOL\u0118DOWANIE\u201d - 25.01.2026\u00a0 OP\u0141ATEK KRESOWY W NASZEJ PARAFII - 24.01.2026\u00a0\u2026","rel":"","context":"Podobny wpis","block_context":{"text":"Podobny wpis","link":""},"img":{"alt_text":"","src":"","width":0,"height":0},"classes":[]},{"id":963,"url":"https:\/\/parafiaustrzyki.pl\/index.php\/ogloszenia\/","url_meta":{"origin":2083,"position":1},"title":"Og\u0142oszenia","author":"admin","date":"5 kwietnia 2026","format":false,"excerpt":"III NIEDZIELA WIELKANOCY - 19 KWIETNIA 2026 r. Dzisiejsza niedziela rozpoczyna Tydzie\u0144 Biblijny. W czwartek 23 kwietnia uroczysto\u015b\u0107 \u015aw. Wojciecha biskupa i m\u0119czennika, patrona Polski, w sobot\u0119 25 kwietnia \u015bwi\u0119to \u015aw. Marka, Ewangelisty. Za tydzie\u0144 Niedziela Dobrego Pasterza, kt\u00f3ra rozpoczyna Tydzie\u0144 Modlitw o powo\u0142ania do s\u0142u\u017cby w Ko\u015bciele. Dzi\u0119kujemy za\u2026","rel":"","context":"Podobny wpis","block_context":{"text":"Podobny wpis","link":""},"img":{"alt_text":"","src":"","width":0,"height":0},"classes":[]},{"id":72,"url":"https:\/\/parafiaustrzyki.pl\/index.php\/kontakt\/","url_meta":{"origin":2083,"position":2},"title":"Kontakt","author":"admin","date":"6 stycznia 2021","format":false,"excerpt":"PARAFIA pw. NAJ\u015aWI\u0118TSZEJ MARYI PANNY KR\u00d3LOWEJ POLSKI w Ustrzykach Dolnych ul. 29 Listopada 24 38-700 Ustrzyki Dolne telefon: 13 461 19 82 \u00a0 Numer Konta Bankowego Parafii: 74 8621 0007 2001 0007 3150 0001 e-mail: info(at)parafiaustrzyki.pl lub poprzez poni\u017cszy formularz kontaktowy","rel":"","context":"Podobny wpis","block_context":{"text":"Podobny wpis","link":""},"img":{"alt_text":"","src":"https:\/\/i0.wp.com\/parafiaustrzyki.pl\/wp-content\/uploads\/druk_przelewu.jpg?resize=350%2C200&ssl=1","width":350,"height":200},"classes":[]}],"_links":{"self":[{"href":"https:\/\/parafiaustrzyki.pl\/index.php\/wp-json\/wp\/v2\/pages\/2083","targetHints":{"allow":["GET"]}}],"collection":[{"href":"https:\/\/parafiaustrzyki.pl\/index.php\/wp-json\/wp\/v2\/pages"}],"about":[{"href":"https:\/\/parafiaustrzyki.pl\/index.php\/wp-json\/wp\/v2\/types\/page"}],"author":[{"embeddable":true,"href":"https:\/\/parafiaustrzyki.pl\/index.php\/wp-json\/wp\/v2\/users\/2"}],"replies":[{"embeddable":true,"href":"https:\/\/parafiaustrzyki.pl\/index.php\/wp-json\/wp\/v2\/comments?post=2083"}],"version-history":[{"count":6,"href":"https:\/\/parafiaustrzyki.pl\/index.php\/wp-json\/wp\/v2\/pages\/2083\/revisions"}],"predecessor-version":[{"id":2096,"href":"https:\/\/parafiaustrzyki.pl\/index.php\/wp-json\/wp\/v2\/pages\/2083\/revisions\/2096"}],"wp:attachment":[{"href":"https:\/\/parafiaustrzyki.pl\/index.php\/wp-json\/wp\/v2\/media?parent=2083"}],"curies":[{"name":"wp","href":"https:\/\/api.w.org\/{rel}","templated":true}]}}